{"id":48,"date":"2018-01-19T12:04:12","date_gmt":"2018-01-19T11:04:12","guid":{"rendered":"http:\/\/restaurant-lechoucas.fr\/?page_id=48"},"modified":"2023-06-27T07:35:50","modified_gmt":"2023-06-27T05:35:50","slug":"accueil","status":"publish","type":"page","link":"https:\/\/restaurant-lechoucas.fr\/","title":{"rendered":"Accueil"},"content":{"rendered":"<p>[vc_row row_type=&#8221;row_fullwidth_content&#8221; bg_position=&#8221;center top&#8221;][vc_column][rev_slider_vc alias=&#8221;page-accueil-precommande-indications&#8221;][\/vc_column][\/vc_row][vc_row][vc_column width=&#8221;1\/2&#8243;][vc_single_image image=&#8221;588&#8243; img_size=&#8221;300&#215;250&#8243; alignment=&#8221;center&#8221;][vc_column_text]<\/p>\n<p style=\"text-align: center;\"><strong><span style=\"color: #339966;\">NOTRE EQUIPE<\/span><\/strong><\/p>\n<p style=\"text-align: center;\">Sourire, disponibilit\u00e9 et s\u00e9rieux sont les ma\u00eetres mots de notre \u00e9quipe ! Pr\u00e9sents d\u00e8s 7h du matin, nous restons toujours \u00e0 votre service !<\/p>\n<p>[\/vc_column_text][vc_btn title=&#8221;DECOUVREZ NOTRE EQUIPE!&#8221; color=&#8221;success&#8221; align=&#8221;center&#8221; i_icon_fontawesome=&#8221;fa fa-handshake-o&#8221; add_icon=&#8221;true&#8221; link=&#8221;url:http%3A%2F%2Frestaurant-lechoucas.fr%2F%3Fpage_id%3D50|||&#8221;][\/vc_column][vc_column width=&#8221;1\/2&#8243;][vc_single_image image=&#8221;587&#8243; img_size=&#8221;300&#215;250&#8243; alignment=&#8221;center&#8221;][vc_column_text]<\/p>\n<p style=\"text-align: center;\"><span style=\"color: #339966;\"><strong>DU FAIT MAISON AVANT TOUT<\/strong><\/span><\/p>\n<p style=\"text-align: center;\">Cr\u00e9\u00e9 dans les ann\u00e9es 60, ce commerce fait partie int\u00e9grante du quartier, et s&#8217;\u00e9vertue \u00e0 rester dans la tradition de notre r\u00e9gion pr\u00e9f\u00e9r\u00e9e !<\/p>\n<p>[\/vc_column_text][vc_btn title=&#8221;NOS VALEURS&#8221; color=&#8221;success&#8221; align=&#8221;center&#8221; i_icon_fontawesome=&#8221;fa fa-home&#8221; add_icon=&#8221;true&#8221; link=&#8221;url:http%3A%2F%2Frestaurant-lechoucas.fr%2F%3Fpage_id%3D50|||&#8221;][\/vc_column][\/vc_row][vc_row][vc_column css_animation=&#8221;none&#8221;][rev_slider_vc alias=&#8221;vin&#8221;][\/vc_column][\/vc_row][vc_row row_type=&#8221;row_fullwidth_content&#8221;][vc_column width=&#8221;1\/2&#8243;][\/vc_column][\/vc_row][vc_row row_type=&#8221;row_fullwidth_content&#8221;][vc_column width=&#8221;1\/2&#8243;]\n\t<div class=\"contact-info-box wpb_content_element\">\n\t\t<h3>Informations <\/h3>\n\t\t<div class=\"contact-info-item\">\n\t\t\t<div class=\"contact-text\"><span>Adresse<\/span><\/div>\n\t\t\t<div class=\"contact-value\">Place des Carmes Dechaux<br \/>\n63000 Clermont-Ferrand<\/div>\n\t\t<\/div>\n\t\t<div class=\"contact-info-item\">\n\t\t\t<div class=\"contact-text\"><span>T\u00e9l\u00e9phone<\/span><\/div>\n\t\t\t<div class=\"contact-value\">04 73 92 35 59<\/div>\n\t\t<\/div>\n\t\t<div class=\"contact-info-item\">\n\t\t\t<div class=\"contact-text\"><span>PORTABLES<\/span><\/div>\n\t\t\t<div class=\"contact-value\">06 12 34 76 87<\/div>\n\t\t<\/div>\n\t\t<div class=\"contact-info-item\">\n\t\t\t<div class=\"contact-text\"><span><\/span><\/div>\n\t\t\t<div class=\"contact-value\">06 29 52 08 21<\/div>\n\t\t<\/div>\n\t<\/div>[vc_single_image image=&#8221;459&#8243; img_size=&#8221;large&#8221; alignment=&#8221;center&#8221;][\/vc_column][vc_column width=&#8221;1\/2&#8243;][vc_gmaps link=&#8221;#E-8_JTNDaWZyYW1lJTIwc3JjJTNEJTIyaHR0cHMlM0ElMkYlMkZ3d3cuZ29vZ2xlLmNvbSUyRm1hcHMlMkZlbWJlZCUzRnBiJTNEJTIxMW0xOCUyMTFtMTIlMjExbTMlMjExZDIzMzkuNzI1ODEyMzY2NDI2NSUyMTJkMy4wOTIyMDMzNjk4NDc3NTYlMjEzZDQ1Ljc4Mjg0MTIwNTE0NjMwNSUyMTJtMyUyMTFmMCUyMTJmMCUyMTNmMCUyMTNtMiUyMTFpMTAyNCUyMTJpNzY4JTIxNGYxMy4xJTIxM20zJTIxMW0yJTIxMXMweDQ3ZjcxYmUzNmI3NTZiODElMjUzQTB4OGRmYzgyOTliOWI5MGFjYyUyMTJzTGUlMkJDaG91Y2FzJTIxNWUwJTIxM20yJTIxMXNmciUyMTJzZnIlMjE0djE1MTgxODA2NjgxODElMjIlMjB3aWR0aCUzRCUyMjYwMCUyMiUyMGhlaWdodCUzRCUyMjQ1MCUyMiUyMGZyYW1lYm9yZGVyJTNEJTIyMCUyMiUyMHN0eWxlJTNEJTIyYm9yZGVyJTNBMCUyMiUyMGFsbG93ZnVsbHNjcmVlbiUzRSUzQyUyRmlmcmFtZSUzRQ==&#8221;][\/vc_column][\/vc_row]<\/p>\n","protected":false},"excerpt":{"rendered":"<p>[vc_row row_type=&#8221;row_fullwidth_content&#8221; bg_position=&#8221;center top&#8221;][vc_column][rev_slider_vc alias=&#8221;page-accueil-precommande-indications&#8221;][\/vc_column][\/vc_row][vc_row][vc_column width=&#8221;1\/2&#8243;][vc_single_image image=&#8221;588&#8243; img_size=&#8221;300&#215;250&#8243; alignment=&#8221;center&#8221;][vc_column_text] NOTRE EQUIPE Sourire, disponibilit\u00e9 et s\u00e9rieux sont les ma\u00eetres mots de notre \u00e9quipe ! Pr\u00e9sents d\u00e8s 7h du matin, nous restons toujours \u00e0 votre service ! [\/vc_column_text][vc_btn title=&#8221;DECOUVREZ NOTRE EQUIPE!&#8221; color=&#8221;success&#8221; align=&#8221;center&#8221; i_icon_fontawesome=&#8221;fa fa-handshake-o&#8221; add_icon=&#8221;true&#8221; link=&#8221;url:http%3A%2F%2Frestaurant-lechoucas.fr%2F%3Fpage_id%3D50|||&#8221;][\/vc_column][vc_column width=&#8221;1\/2&#8243;][vc_single_image image=&#8221;587&#8243; img_size=&#8221;300&#215;250&#8243; alignment=&#8221;center&#8221;][vc_column_text] DU FAIT MAISON AVANT TOUT Cr\u00e9\u00e9 [&hellip;]<\/p>\n","protected":false},"author":1,"featured_media":0,"parent":0,"menu_order":0,"comment_status":"closed","ping_status":"closed","template":"template-fullwidth.php","meta":[],"jetpack-related-posts":[{"id":281,"url":"https:\/\/restaurant-lechoucas.fr\/?page_id=281","url_meta":{"origin":48,"position":0},"title":"Notre Carte","date":"9 f\u00e9vrier 2018","format":false,"excerpt":"[vc_row][vc_column width=\"1\/2\"][vc_column_text] LES TARTES SALEES\u00a0 [\/vc_column_text][\/vc_column][vc_column width=\"1\/2\"][vc_column_text] LES SALADES [\/vc_column_text][\/vc_column][vc_column][\/vc_column][\/vc_row][vc_row][vc_column width=\"1\/2\"][vc_column_text] SANDWICHS [\/vc_column_text][\/vc_column][vc_column width=\"1\/2\"][vc_column_text] MIAM ! [\/vc_column_text][\/vc_column][\/vc_row][vc_row row_type=\"row_fullwidth_content\"][vc_column][rev_slider_vc alias=\"diapo\"][\/vc_column][\/vc_row][vc_row][vc_column width=\"1\/2\"][vc_column_text] LES TARTES SUCREES [\/vc_column_text][\/vc_column][vc_column width=\"1\/2\"][vc_column_text] AUTRES DESSERTS [\/vc_column_text][vc_empty_space height=\"80px\"][\/vc_column][\/vc_row][vc_row][vc_column][rev_slider_vc alias=\"fruits\"][\/vc_column][\/vc_row][vc_row][vc_column width=\"1\/2\"][vc_column_text] BOISSONS [\/vc_column_text][\/vc_column][vc_column width=\"1\/2\"][\/vc_column][\/vc_row][vc_row][vc_column][vc_column_text] NOTRE CARTE VARIE EN FONCTION DES FRUITS ET DES LEGUMES DE SAISON. [\/vc_column_text][\/vc_column][\/vc_row][vc_row][vc_column][vc_btn title=\"Je pr\u00e9commande !\u2026","rel":"","context":"Article similaire","img":{"alt_text":"","src":"","width":0,"height":0},"classes":[]},{"id":50,"url":"https:\/\/restaurant-lechoucas.fr\/?page_id=50","url_meta":{"origin":48,"position":1},"title":"L&#8217;\u00e9quipe","date":"19 janvier 2018","format":false,"excerpt":"[vc_row][vc_column][rev_slider_vc alias=\"team\"][\/vc_column][\/vc_row][vc_row][vc_column width=\"1\/2\"][vc_text_separator title=\"Des Produits de qualit\u00e9\" i_icon_fontawesome=\"fa fa-check\" i_color=\"custom\" add_icon=\"true\" i_custom_color=\"#338c16\"][vc_column_text] Nos plats \u00e9labor\u00e9s \u00e0 base de produits de saison et de qualit\u00e9 tout au long de l'ann\u00e9e ! [\/vc_column_text][\/vc_column][vc_column width=\"1\/2\"][vc_text_separator title=\"Du Fait Maison\" i_icon_fontawesome=\"fa fa-home\" i_color=\"custom\" add_icon=\"true\" i_custom_color=\"#338c16\"][vc_column_text] Nos pr\u00e9parations sont faites le matin-m\u00eame au sein du Choucas\u2026","rel":"","context":"Article similaire","img":{"alt_text":"","src":"https:\/\/i0.wp.com\/restaurant-lechoucas.fr\/wp-content\/uploads\/2018\/01\/jambon.jpg?resize=350%2C200&ssl=1","width":350,"height":200},"classes":[]},{"id":15882,"url":"https:\/\/restaurant-lechoucas.fr\/?page_id=15882","url_meta":{"origin":48,"position":2},"title":"Conditions g\u00e9n\u00e9rales de vente","date":"14 juin 2021","format":false,"excerpt":"Les pr\u00e9sentes Conditions G\u00e9n\u00e9rales de Vente d\u00e9crivent le service de commande en ligne de la gamme de produits disponibles dans le restaurant Le Choucas, SAS immatricul\u00e9e \u00e0 la Chambre du Commerce de Clermont-Ferrand sous le num\u00e9ro 488 374 711 au capital de 110 000 euros dont le si\u00e8ge social est\u2026","rel":"","context":"Article similaire","img":{"alt_text":"","src":"","width":0,"height":0},"classes":[]},{"id":2,"url":"https:\/\/restaurant-lechoucas.fr\/?page_id=2","url_meta":{"origin":48,"position":3},"title":"Page d\u2019exemple","date":"18 janvier 2018","format":false,"excerpt":"Voici un exemple de page. Elle est diff\u00e9rente d\u2019un article de blog, en cela qu\u2019elle restera \u00e0 la m\u00eame place, et s\u2019affichera dans le menu de navigation de votre site (en fonction de votre th\u00e8me). La plupart des gens commencent par \u00e9crire une page \u00ab\u00a0\u00c0 Propos\u00a0\u00bb qui les pr\u00e9sente aux\u2026","rel":"","context":"Article similaire","img":{"alt_text":"","src":"","width":0,"height":0},"classes":[]}],"_links":{"self":[{"href":"https:\/\/restaurant-lechoucas.fr\/index.php?rest_route=\/wp\/v2\/pages\/48"}],"collection":[{"href":"https:\/\/restaurant-lechoucas.fr\/index.php?rest_route=\/wp\/v2\/pages"}],"about":[{"href":"https:\/\/restaurant-lechoucas.fr\/index.php?rest_route=\/wp\/v2\/types\/page"}],"author":[{"embeddable":true,"href":"https:\/\/restaurant-lechoucas.fr\/index.php?rest_route=\/wp\/v2\/users\/1"}],"replies":[{"embeddable":true,"href":"https:\/\/restaurant-lechoucas.fr\/index.php?rest_route=%2Fwp%2Fv2%2Fcomments&post=48"}],"version-history":[{"count":11,"href":"https:\/\/restaurant-lechoucas.fr\/index.php?rest_route=\/wp\/v2\/pages\/48\/revisions"}],"predecessor-version":[{"id":36122,"href":"https:\/\/restaurant-lechoucas.fr\/index.php?rest_route=\/wp\/v2\/pages\/48\/revisions\/36122"}],"wp:attachment":[{"href":"https:\/\/restaurant-lechoucas.fr\/index.php?rest_route=%2Fwp%2Fv2%2Fmedia&parent=48"}],"curies":[{"name":"wp","href":"https:\/\/api.w.org\/{rel}","templated":true}]}}